{"id":1374,"date":"2023-03-20T05:49:56","date_gmt":"2023-03-20T05:49:56","guid":{"rendered":"https:\/\/zeka-tech.com\/?page_id=1374"},"modified":"2026-03-20T15:01:20","modified_gmt":"2026-03-20T15:01:20","slug":"about-us","status":"publish","type":"page","link":"https:\/\/zeka-tech.com\/de\/about-us\/","title":{"rendered":"\u00dcber uns"},"content":{"rendered":"<div data-elementor-type=\"wp-page\" data-elementor-id=\"1374\" class=\"elementor elementor-1374\">\n\t\t\t\t\t\t<section class=\"elementor-section elementor-top-section elementor-element elementor-element-ba1236c elementor-section-full_width elementor-section-height-default elementor-section-height-default\" data-id=\"ba1236c\" data-element_type=\"section\" data-e-type=\"section\">\n\t\t\t\t\t\t<div class=\"elementor-container elementor-column-gap-default\">\n\t\t\t\t\t<div class=\"elementor-column elementor-col-100 elementor-top-column elementor-element elementor-element-82067d1\" data-id=\"82067d1\" data-element_type=\"column\" data-e-type=\"column\">\n\t\t\t<div class=\"elementor-widget-wrap elementor-element-populated\">\n\t\t\t\t\t\t<section class=\"elementor-section elementor-inner-section elementor-element elementor-element-464cd39 elementor-section-full_width container inner-section-about1 elementor-section-height-default elementor-section-height-default\" data-id=\"464cd39\" data-element_type=\"section\" data-e-type=\"section\">\n\t\t\t\t\t\t<div class=\"elementor-container elementor-column-gap-default\">\n\t\t\t\t\t<div class=\"elementor-column elementor-col-33 elementor-inner-column elementor-element elementor-element-98880ae\" data-id=\"98880ae\" data-element_type=\"column\" data-e-type=\"column\">\n\t\t\t<div class=\"elementor-widget-wrap elementor-element-populated\">\n\t\t\t\t\t\t<div class=\"elementor-element elementor-element-1c75344 page-heading-about elementor-widget elementor-widget-heading\" data-id=\"1c75344\" data-element_type=\"widget\" data-e-type=\"widget\" data-widget_type=\"heading.default\">\n\t\t\t\t<div class=\"elementor-widget-container\">\n\t\t\t\t\t<h2 class=\"elementor-heading-title elementor-size-default\">\u00dcBER UNS<\/h2>\t\t\t\t<\/div>\n\t\t\t\t<\/div>\n\t\t\t\t\t<\/div>\n\t\t<\/div>\n\t\t\t\t<div class=\"elementor-column elementor-col-66 elementor-inner-column elementor-element elementor-element-eeee9a4\" data-id=\"eeee9a4\" data-element_type=\"column\" data-e-type=\"column\">\n\t\t\t<div class=\"elementor-widget-wrap elementor-element-populated\">\n\t\t\t\t\t\t<div class=\"elementor-element elementor-element-b1740ff elementor-widget-divider--view-line elementor-widget elementor-widget-divider\" data-id=\"b1740ff\" data-element_type=\"widget\" data-e-type=\"widget\" data-widget_type=\"divider.default\">\n\t\t\t\t<div class=\"elementor-widget-container\">\n\t\t\t\t\t\t\t<div class=\"elementor-divider\">\n\t\t\t<span class=\"elementor-divider-separator\">\n\t\t\t\t\t\t<\/span>\n\t\t<\/div>\n\t\t\t\t\t\t<\/div>\n\t\t\t\t<\/div>\n\t\t\t\t\t<\/div>\n\t\t<\/div>\n\t\t\t\t\t<\/div>\n\t\t<\/section>\n\t\t\t\t\t<\/div>\n\t\t<\/div>\n\t\t\t\t\t<\/div>\n\t\t<\/section>\n\t\t\t\t<section class=\"elementor-section elementor-top-section elementor-element elementor-element-989291c elementor-section-full_width section-about2 elementor-section-height-default elementor-section-height-default\" data-id=\"989291c\" data-element_type=\"section\" data-e-type=\"section\">\n\t\t\t\t\t\t<div class=\"elementor-container elementor-column-gap-default\">\n\t\t\t\t\t<div class=\"elementor-column elementor-col-100 elementor-top-column elementor-element elementor-element-6fc59eb\" data-id=\"6fc59eb\" data-element_type=\"column\" data-e-type=\"column\">\n\t\t\t<div class=\"elementor-widget-wrap elementor-element-populated\">\n\t\t\t\t\t\t<section class=\"elementor-section elementor-inner-section elementor-element elementor-element-a2c2680 elementor-section-full_width container inner-section-about2 elementor-section-height-default elementor-section-height-default\" data-id=\"a2c2680\" data-element_type=\"section\" data-e-type=\"section\">\n\t\t\t\t\t\t<div class=\"elementor-container elementor-column-gap-default\">\n\t\t\t\t\t<div class=\"elementor-column elementor-col-33 elementor-inner-column elementor-element elementor-element-eab020c elementor-hidden-mobile\" data-id=\"eab020c\" data-element_type=\"column\" data-e-type=\"column\">\n\t\t\t<div class=\"elementor-widget-wrap\">\n\t\t\t\t\t\t\t<\/div>\n\t\t<\/div>\n\t\t\t\t<div class=\"elementor-column elementor-col-66 elementor-inner-column elementor-element elementor-element-4b860cc\" data-id=\"4b860cc\" data-element_type=\"column\" data-e-type=\"column\">\n\t\t\t<div class=\"elementor-widget-wrap elementor-element-populated\">\n\t\t\t\t\t\t<div class=\"elementor-element elementor-element-b28b2cd section-heading-black section-commitment-heading1 elementor-widget elementor-widget-heading\" data-id=\"b28b2cd\" data-element_type=\"widget\" data-e-type=\"widget\" data-widget_type=\"heading.default\">\n\t\t\t\t<div class=\"elementor-widget-container\">\n\t\t\t\t\t<h2 class=\"elementor-heading-title elementor-size-default\">Zeka-tech : Your trusted partner<\/h2>\t\t\t\t<\/div>\n\t\t\t\t<\/div>\n\t\t\t\t<div class=\"elementor-element elementor-element-e2911f8 section-heading-black section-commitment-heading2 elementor-widget elementor-widget-heading\" data-id=\"e2911f8\" data-element_type=\"widget\" data-e-type=\"widget\" data-widget_type=\"heading.default\">\n\t\t\t\t<div class=\"elementor-widget-container\">\n\t\t\t\t\t<h2 class=\"elementor-heading-title elementor-size-default\">in the digital world<\/h2>\t\t\t\t<\/div>\n\t\t\t\t<\/div>\n\t\t\t\t<div class=\"elementor-element elementor-element-d3ef7e2 elementor-widget elementor-widget-text-editor\" data-id=\"d3ef7e2\" data-element_type=\"widget\" data-e-type=\"widget\" data-widget_type=\"text-editor.default\">\n\t\t\t\t<div class=\"elementor-widget-container\">\n\t\t\t\t\t\t\t\t\t<p>Unsere Reise begann im Jahr 2012 mit einer einfachen, aber wirkungsvollen Idee: Unternehmen durch die Bereitstellung hochwertiger und innovativer digitaler L\u00f6sungen zu st\u00e4rken, die auf ihre individuellen Bed\u00fcrfnisse zugeschnitten sind.&nbsp;<\/p>\n<p>Aber wir haben hier nicht aufgeh\u00f6rt.&nbsp;<\/p>\n<p>Wir haben verstanden, dass unsere Kunden mehr als nur Technologie brauchten. Sie brauchten einen Partner, der ihnen zur Seite steht, ihre individuellen Bed\u00fcrfnisse versteht und ihnen hilft, die Herausforderungen der digitalen Welt zu meistern.<\/p>\t\t\t\t\t\t\t\t<\/div>\n\t\t\t\t<\/div>\n\t\t\t\t<div class=\"elementor-element elementor-element-fcf9720 section-heading-h3-black elementor-widget elementor-widget-heading\" data-id=\"fcf9720\" data-element_type=\"widget\" data-e-type=\"widget\" data-widget_type=\"heading.default\">\n\t\t\t\t<div class=\"elementor-widget-container\">\n\t\t\t\t\t<h3 class=\"elementor-heading-title elementor-size-default\">Ihre Vision ist unsere Mission bei ZEKA tech<\/h3>\t\t\t\t<\/div>\n\t\t\t\t<\/div>\n\t\t\t\t<div class=\"elementor-element elementor-element-64190b3 elementor-widget elementor-widget-text-editor\" data-id=\"64190b3\" data-element_type=\"widget\" data-e-type=\"widget\" data-widget_type=\"text-editor.default\">\n\t\t\t\t<div class=\"elementor-widget-container\">\n\t\t\t\t\t\t\t\t\t<p>Wir sind kein typisches Technologieunternehmen. Wir sind die Architekten Ihrer digitalen Tr\u00e4ume, helfen Ihnen, Ihren Ideen Leben einzuhauchen und Sie zu Wachstum und Erfolg zu f\u00fchren.<\/p><p>Unsere Mission ist es, unsere Kunden zu st\u00e4rken, ihnen zu helfen, ihr volles Potenzial auszusch\u00f6pfen und ihre Visionen in eine harmonische Mischung aus Technologie und Kreativit\u00e4t umzusetzen.<br \/><br \/><\/p>\t\t\t\t\t\t\t\t<\/div>\n\t\t\t\t<\/div>\n\t\t\t\t\t<\/div>\n\t\t<\/div>\n\t\t\t\t\t<\/div>\n\t\t<\/section>\n\t\t\t\t<div class=\"elementor-element elementor-element-dd1fdb4 about-page-img elementor-widget elementor-widget-image\" data-id=\"dd1fdb4\" data-element_type=\"widget\" data-e-type=\"widget\" data-widget_type=\"image.default\">\n\t\t\t\t<div class=\"elementor-widget-container\">\n\t\t\t\t\t\t\t\t\t\t\t\t\t\t\t<img fetchpriority=\"high\" decoding=\"async\" width=\"1440\" height=\"442\" src=\"https:\/\/zeka-tech.com\/wp-content\/uploads\/2023\/06\/about-page-img.png\" class=\"attachment-full size-full wp-image-2216\" alt=\"\" srcset=\"https:\/\/zeka-tech.com\/wp-content\/uploads\/2023\/06\/about-page-img.png 1440w, https:\/\/zeka-tech.com\/wp-content\/uploads\/2023\/06\/about-page-img-300x92.png 300w, https:\/\/zeka-tech.com\/wp-content\/uploads\/2023\/06\/about-page-img-1024x314.png 1024w, https:\/\/zeka-tech.com\/wp-content\/uploads\/2023\/06\/about-page-img-768x236.png 768w, https:\/\/zeka-tech.com\/wp-content\/uploads\/2023\/06\/about-page-img-18x6.png 18w, https:\/\/zeka-tech.com\/wp-content\/uploads\/2023\/06\/about-page-img-350x107.png 350w, https:\/\/zeka-tech.com\/wp-content\/uploads\/2023\/06\/about-page-img-540x166.png 540w, https:\/\/zeka-tech.com\/wp-content\/uploads\/2023\/06\/about-page-img-920x282.png 920w, https:\/\/zeka-tech.com\/wp-content\/uploads\/2023\/06\/about-page-img-730x224.png 730w, https:\/\/zeka-tech.com\/wp-content\/uploads\/2023\/06\/about-page-img-600x184.png 600w\" sizes=\"(max-width: 1440px) 100vw, 1440px\" \/>\t\t\t\t\t\t\t\t\t\t\t\t\t\t\t<\/div>\n\t\t\t\t<\/div>\n\t\t\t\t\t<\/div>\n\t\t<\/div>\n\t\t\t\t\t<\/div>\n\t\t<\/section>\n\t\t\t\t<section class=\"elementor-section elementor-top-section elementor-element elementor-element-5228ce3 elementor-section-full_width section-about3 elementor-section-height-default elementor-section-height-default\" data-id=\"5228ce3\" data-element_type=\"section\" data-e-type=\"section\">\n\t\t\t\t\t\t<div class=\"elementor-container elementor-column-gap-default\">\n\t\t\t\t\t<div class=\"elementor-column elementor-col-100 elementor-top-column elementor-element elementor-element-d90085e\" data-id=\"d90085e\" data-element_type=\"column\" data-e-type=\"column\">\n\t\t\t<div class=\"elementor-widget-wrap elementor-element-populated\">\n\t\t\t\t\t\t<section class=\"elementor-section elementor-inner-section elementor-element elementor-element-f270ed4 elementor-section-full_width container inner-section-about2 black-bold-title elementor-section-height-default elementor-section-height-default\" data-id=\"f270ed4\" data-element_type=\"section\" data-e-type=\"section\">\n\t\t\t\t\t\t<div class=\"elementor-container elementor-column-gap-default\">\n\t\t\t\t\t<div class=\"elementor-column elementor-col-33 elementor-inner-column elementor-element elementor-element-e3d688e elementor-hidden-mobile\" data-id=\"e3d688e\" data-element_type=\"column\" data-e-type=\"column\">\n\t\t\t<div class=\"elementor-widget-wrap\">\n\t\t\t\t\t\t\t<\/div>\n\t\t<\/div>\n\t\t\t\t<div class=\"elementor-column elementor-col-66 elementor-inner-column elementor-element elementor-element-910a18a\" data-id=\"910a18a\" data-element_type=\"column\" data-e-type=\"column\">\n\t\t\t<div class=\"elementor-widget-wrap elementor-element-populated\">\n\t\t\t\t\t\t<div class=\"elementor-element elementor-element-a98967a section-heading-black elementor-widget elementor-widget-heading\" data-id=\"a98967a\" data-element_type=\"widget\" data-e-type=\"widget\" data-widget_type=\"heading.default\">\n\t\t\t\t<div class=\"elementor-widget-container\">\n\t\t\t\t\t<h2 class=\"elementor-heading-title elementor-size-default\">Werte, die uns vorantreiben<\/h2>\t\t\t\t<\/div>\n\t\t\t\t<\/div>\n\t\t\t\t<div class=\"elementor-element elementor-element-9cac56c about-text2 elementor-widget elementor-widget-text-editor\" data-id=\"9cac56c\" data-element_type=\"widget\" data-e-type=\"widget\" data-widget_type=\"text-editor.default\">\n\t\t\t\t<div class=\"elementor-widget-container\">\n\t\t\t\t\t\t\t\t\t<p>Unsere Werte sind der Kompass, der uns bei unserer Mission leitet.<\/p><p><strong>Innovative Exzellenz:<\/strong><\/p><p>Wir kombinieren modernste Technologie mit Kreativit\u00e4t und schaffen L\u00f6sungen, die \u00fcber die Norm hinausgehen und Sie in die Lage versetzen, die digitale Revolution anzuf\u00fchren.<\/p><p><strong>Qualit\u00e4t:<\/strong><\/p><p>Exzellenz ist kein blo\u00dfes Ziel, sondern unser Leitprinzip. Von revolution\u00e4ren L\u00f6sungen bis hin zu beispiellosen Kundenservice streben wir stets nach h\u00f6chsten Standards.<\/p><p><strong>Partnerschaft:<\/strong><\/p><p>Wir sehen unsere Kunden als langfristige Partner. Ihr Erfolg ist unsere treibende Kraft und wir sind bestrebt, Sie bei jedem Schritt auf diesem Weg zu unterst\u00fctzen.<\/p><p><strong>Integrit\u00e4t:<\/strong><\/p><p>Wir glauben daran, Gesch\u00e4fte auf die richtige Art und Weise zu machen. Ehrlichkeit, Transparenz und Respekt stehen im Mittelpunkt unseres Handelns.<\/p>\t\t\t\t\t\t\t\t<\/div>\n\t\t\t\t<\/div>\n\t\t\t\t<div class=\"elementor-element elementor-element-88a0ffe section-heading-black elementor-widget elementor-widget-heading\" data-id=\"88a0ffe\" data-element_type=\"widget\" data-e-type=\"widget\" data-widget_type=\"heading.default\">\n\t\t\t\t<div class=\"elementor-widget-container\">\n\t\t\t\t\t<h2 class=\"elementor-heading-title elementor-size-default\">Warum mit uns zusammenarbeiten?<\/h2>\t\t\t\t<\/div>\n\t\t\t\t<\/div>\n\t\t\t\t<div class=\"elementor-element elementor-element-4a5b7bb about-text2 elementor-widget elementor-widget-text-editor\" data-id=\"4a5b7bb\" data-element_type=\"widget\" data-e-type=\"widget\" data-widget_type=\"text-editor.default\">\n\t\t\t\t<div class=\"elementor-widget-container\">\n\t\t\t\t\t\t\t\t\t<p><strong>Fachwissen, das z\u00e4hlt:<\/strong> Mit \u00fcber einem Jahrzehnt Erfahrung verf\u00fcgen unsere Experten \u00fcber das n\u00f6tige Wissen und die F\u00e4higkeiten, um digitale L\u00f6sungen zu entwickeln, die mit der Botschaft Ihrer Marke \u00fcbereinstimmen und Ergebnisse erzielen.<\/p>\n<p><strong>Personalisierter Ansatz:<\/strong> Wir verstehen, dass keine zwei Marken gleich sind. Deshalb nehmen wir uns die Zeit, Ihre individuellen Ziele zu verstehen und unsere Dienstleistungen an Ihre Anforderungen anzupassen. Unser Ansatz gew\u00e4hrleistet eine ma\u00dfgeschneiderte L\u00f6sung, die Ihre Zielgruppe direkt anspricht.<\/p>\n<p><strong>Innovation in Aktion:<\/strong> Wir haben keine Angst davor, die Grenzen der Innovation zu erweitern, um Ihre digitale Pr\u00e4senz zu st\u00e4rken. Unser Team bleibt \u00fcber die neuesten Branchentrends und Technologien auf dem Laufenden, fasziniert Ihre Kunden und verschafft Ihnen einen Wettbewerbsvorteil.<\/p>\n<p><strong>Engagement f\u00fcr Ihren Erfolg:<\/strong> Wir glauben an den Aufbau langfristiger Beziehungen zu unseren Kunden und bieten kontinuierliche Unterst\u00fctzung und Beratung bei der Weiterentwicklung Ihres Unternehmens. Unser Team ist bestrebt, Ergebnisse zu liefern und sicherzustellen, dass Ihr Projekt von Anfang bis Ende ein Erfolg wird.<br><br><br><br>Zeka Tech CEO<br><br>Miljan Zekovic<\/p>\t\t\t\t\t\t\t\t<\/div>\n\t\t\t\t<\/div>\n\t\t\t\t\t<\/div>\n\t\t<\/div>\n\t\t\t\t\t<\/div>\n\t\t<\/section>\n\t\t\t\t\t<\/div>\n\t\t<\/div>\n\t\t\t\t\t<\/div>\n\t\t<\/section>\n\t\t\t\t<\/div>","protected":false},"excerpt":{"rendered":"<p>ABOUT US Zeka-tech : Your trusted partner in the digital world Our journey began in 2012 with a simple yet powerful idea: to empower businesses by delivering high-quality and innovative digital solutions tailored to their unique needs.&nbsp; But we didn&#8217;t stop there.&nbsp; We understood that our clients needed more than just technology. They needed a [&hellip;]<\/p>\n","protected":false},"author":1,"featured_media":575,"parent":0,"menu_order":0,"comment_status":"closed","ping_status":"closed","template":"page-templates\/pages-image.php","meta":{"footnotes":""},"class_list":["post-1374","page","type-page","status-publish","has-post-thumbnail","hentry"],"_links":{"self":[{"href":"https:\/\/zeka-tech.com\/de\/wp-json\/wp\/v2\/pages\/1374","targetHints":{"allow":["GET"]}}],"collection":[{"href":"https:\/\/zeka-tech.com\/de\/wp-json\/wp\/v2\/pages"}],"about":[{"href":"https:\/\/zeka-tech.com\/de\/wp-json\/wp\/v2\/types\/page"}],"author":[{"embeddable":true,"href":"https:\/\/zeka-tech.com\/de\/wp-json\/wp\/v2\/users\/1"}],"replies":[{"embeddable":true,"href":"https:\/\/zeka-tech.com\/de\/wp-json\/wp\/v2\/comments?post=1374"}],"version-history":[{"count":6,"href":"https:\/\/zeka-tech.com\/de\/wp-json\/wp\/v2\/pages\/1374\/revisions"}],"predecessor-version":[{"id":3993,"href":"https:\/\/zeka-tech.com\/de\/wp-json\/wp\/v2\/pages\/1374\/revisions\/3993"}],"wp:featuredmedia":[{"embeddable":true,"href":"https:\/\/zeka-tech.com\/de\/wp-json\/wp\/v2\/media\/575"}],"wp:attachment":[{"href":"https:\/\/zeka-tech.com\/de\/wp-json\/wp\/v2\/media?parent=1374"}],"curies":[{"name":"wp","href":"https:\/\/api.w.org\/{rel}","templated":true}]}}