{"id":1452,"date":"2023-05-18T09:49:15","date_gmt":"2023-05-18T09:49:15","guid":{"rendered":"https:\/\/zeka-tech.com\/?page_id=1452"},"modified":"2023-09-23T20:58:55","modified_gmt":"2023-09-23T20:58:55","slug":"data-visualization-analytics-solutions","status":"publish","type":"page","link":"https:\/\/zeka-tech.com\/de\/data-visualization-analytics-solutions\/","title":{"rendered":"Data Visualization &amp; Analytics Solutions"},"content":{"rendered":"<div data-elementor-type=\"wp-page\" data-elementor-id=\"1452\" class=\"elementor elementor-1452\">\n\t\t\t\t\t\t<section class=\"elementor-section elementor-top-section elementor-element elementor-element-73a64fa single-what-we-do elementor-section-boxed elementor-section-height-default elementor-section-height-default\" data-id=\"73a64fa\" data-element_type=\"section\" data-e-type=\"section\">\n\t\t\t\t\t\t<div class=\"elementor-container elementor-column-gap-default\">\n\t\t\t\t\t<div class=\"elementor-column elementor-col-100 elementor-top-column elementor-element elementor-element-96f75b2\" data-id=\"96f75b2\" data-element_type=\"column\" data-e-type=\"column\">\n\t\t\t<div class=\"elementor-widget-wrap elementor-element-populated\">\n\t\t\t\t\t\t<div class=\"elementor-element elementor-element-b0a6ece single-service-section-mb elementor-widget elementor-widget-servicesingle\" data-id=\"b0a6ece\" data-element_type=\"widget\" data-e-type=\"widget\" data-widget_type=\"servicesingle.default\">\n\t\t\t\t<div class=\"elementor-widget-container\">\n\t\t\t\t\t\n        <!-- Start Services Details \n    ============================================= -->\n    <div class=\"services-details-area default-padding\">\n        <div class=\"container\">\n            <div class=\"row\">\n                <div class=\"col-lg-8 content\">\n                    <div class=\"thumb\">\n                        <img decoding=\"async\" src=\"https:\/\/zeka-tech.com\/wp-content\/uploads\/2021\/01\/blog2.jpeg\" alt=\"Thumb\">\n                    <\/div>\n        <p>In der heutigen datengesteuerten Welt ist das Verst\u00e4ndnis Ihrer Daten der Schl\u00fcssel zum Gesch\u00e4ftswachstum.<\/p><p>Bei ZEKA Tech, sind wir darauf spezialisiert, die Leistungsf\u00e4higkeit f\u00fchrender Datenvisualisierungs- und Analyseplattformen wie Power BI, Tableau, Zoho und mehr zu nutzen.<\/p><p>Unsere Expertise liegt in der Umwandlung komplexer Daten in intuitive Visualisierungen und umsetzbare Erkenntnisse. Mit unseren ma\u00dfgeschneiderten L\u00f6sungen helfen wir Unternehmen, das wahre Potenzial ihrer Daten auszusch\u00f6pfen, eine fundierte Entscheidungsfindung zu erm\u00f6glichen und das Gesch\u00e4ftswachstum voranzutreiben.<\/p><p>Ganz gleich, ob Sie interaktive Dashboards, erweiterte Berichte oder umfassende Datenanalysen ben\u00f6tigen: Unser Team verf\u00fcgt \u00fcber die F\u00e4higkeiten und Erfahrungen, um wirkungsvolle Datenvisualisierungs- und Analysel\u00f6sungen bereitzustellen, die Ihr Unternehmen st\u00e4rken und Ihr Leben einfacher machen.<\/p><p>Kontaktieren Sie uns noch heute und erschlie\u00dfen Sie das ungenutzte Potenzial Ihrer Daten.<\/p>\n        <div class=\"row thumbs\">\n                        <div class=\"col-lg-6 col-md-6\">\n                            <img decoding=\"async\" src=\"\" alt=\"Thumb\">\n                        <\/div>\n                        <div class=\"col-lg-6 col-md-6\">\n                            <img decoding=\"async\" src=\"\" alt=\"Thumb\">\n                        <\/div>\n                    <\/div>\n                <\/div>\n\n        <div class=\"col-lg-4 sidebar\">\n                    <div class=\"sidebar-item link\">\n                        <ul>\n\n        \n            <li><a class=\"bt-sidebar\" href=\"https:\/\/zeka-tech.com\/de\/custom-website-development\/\">Benutzerdefinierte Webentwicklung<\/a><\/li>\n\n        \n            <li><a class=\"bt-sidebar\" href=\"https:\/\/zeka-tech.com\/de\/cms-development\/\">CMS-L\u00f6sungen<\/a><\/li>\n\n        \n            <li><a class=\"bt-sidebar\" href=\"https:\/\/zeka-tech.com\/de\/android-ios-development\/\">Android- und iOS-Entwicklung<\/a><\/li>\n\n        \n            <li><a class=\"bt-sidebar\" href=\"https:\/\/zeka-tech.com\/de\/web-scraping-ai\/\">Web Scraping und KI<\/a><\/li>\n\n        \n            <li><a class=\"bt-sidebar active\" href=\"https:\/\/zeka-tech.com\/de\/data-visualization-analytics-solutions\/\">Data Visualization &amp; Analytics Solutions<\/a><\/li>\n\n        \n            <li><a class=\"bt-sidebar\" href=\"https:\/\/zeka-tech.com\/de\/seo-digital-marketing\/\">SEO und digitales Marketing<\/a><\/li>\n\n        \n               <\/ul>\n                    <\/div>\n\n        <div class=\"sidebar-item banner\">\n                        <div class=\"thumb\">\n                            <img decoding=\"async\" src=\"https:\/\/zeka-tech.com\/wp-content\/plugins\/elementor\/assets\/images\/placeholder.png\" alt=\"Thumb\">\n                            <div class=\"content\">\n                                <h5><\/h5>\n                                <h3><i class=\"\"><\/i> <\/h3>\n                            <\/div>\n                        <\/div>\n                    <\/div>\n\n        <div class=\"sidebar-item brochure\">\n                        <div class=\"title\">\n                            <h4><\/h4>\n                        <\/div>\n                        <p>\n                                                    <\/p>\n                        <a href=\"#\"><i class=\"\"><\/i> <\/a>\n                        \n                        <a href=\"#\"><i class=\"\"><\/i> <\/a>\n\n                    <\/div>\n\n    <\/div>\n            <\/div>\n        <\/div>\n    <\/div>\n    <!-- End Services Details -->\n\n    \t\t\t\t<\/div>\n\t\t\t\t<\/div>\n\t\t\t\t<div class=\"elementor-element elementor-element-d9b5c7b elementor-align-center single-service-section-btn commitment-talk-btn zeka-animate-btn elementor-widget elementor-widget-button\" data-id=\"d9b5c7b\" data-element_type=\"widget\" data-e-type=\"widget\" data-widget_type=\"button.default\">\n\t\t\t\t<div class=\"elementor-widget-container\">\n\t\t\t\t\t\t\t\t\t<div class=\"elementor-button-wrapper\">\n\t\t\t\t\t<a class=\"elementor-button elementor-button-link elementor-size-sm\" href=\"https:\/\/zeka-tech.com\/de\/contact\/\">\n\t\t\t\t\t\t<span class=\"elementor-button-content-wrapper\">\n\t\t\t\t\t\t\t\t\t<span class=\"elementor-button-text\">Verwandeln Sie meine Daten in umsetzbare Erkenntnisse<\/span>\n\t\t\t\t\t<\/span>\n\t\t\t\t\t<\/a>\n\t\t\t\t<\/div>\n\t\t\t\t\t\t\t\t<\/div>\n\t\t\t\t<\/div>\n\t\t\t\t\t<\/div>\n\t\t<\/div>\n\t\t\t\t\t<\/div>\n\t\t<\/section>\n\t\t\t\t<\/div>","protected":false},"excerpt":{"rendered":"<p>In today&#8217;s data-driven world, understanding your data is key to business growth. At ZEKA tech, we specialize in harnessing the power of leading data visualization and analytics platforms such as Power BI, Tableau, Zoho and more. Our expertise lies in transforming complex data into intuitive visualizations and actionable insights. With our tailored solutions, we help [&hellip;]<\/p>\n","protected":false},"author":1,"featured_media":321,"parent":0,"menu_order":0,"comment_status":"closed","ping_status":"closed","template":"page-templates\/pages-image.php","meta":{"footnotes":""},"class_list":["post-1452","page","type-page","status-publish","has-post-thumbnail","hentry"],"_links":{"self":[{"href":"https:\/\/zeka-tech.com\/de\/wp-json\/wp\/v2\/pages\/1452","targetHints":{"allow":["GET"]}}],"collection":[{"href":"https:\/\/zeka-tech.com\/de\/wp-json\/wp\/v2\/pages"}],"about":[{"href":"https:\/\/zeka-tech.com\/de\/wp-json\/wp\/v2\/types\/page"}],"author":[{"embeddable":true,"href":"https:\/\/zeka-tech.com\/de\/wp-json\/wp\/v2\/users\/1"}],"replies":[{"embeddable":true,"href":"https:\/\/zeka-tech.com\/de\/wp-json\/wp\/v2\/comments?post=1452"}],"version-history":[{"count":0,"href":"https:\/\/zeka-tech.com\/de\/wp-json\/wp\/v2\/pages\/1452\/revisions"}],"wp:featuredmedia":[{"embeddable":true,"href":"https:\/\/zeka-tech.com\/de\/wp-json\/wp\/v2\/media\/321"}],"wp:attachment":[{"href":"https:\/\/zeka-tech.com\/de\/wp-json\/wp\/v2\/media?parent=1452"}],"curies":[{"name":"wp","href":"https:\/\/api.w.org\/{rel}","templated":true}]}}