{"id":1473,"date":"2023-05-18T10:08:57","date_gmt":"2023-05-18T10:08:57","guid":{"rendered":"https:\/\/zeka-tech.com\/?page_id=1473"},"modified":"2023-10-02T14:17:15","modified_gmt":"2023-10-02T14:17:15","slug":"web-scraping-ai","status":"publish","type":"page","link":"https:\/\/zeka-tech.com\/de\/web-scraping-ai\/","title":{"rendered":"Web Scraping und KI"},"content":{"rendered":"<div data-elementor-type=\"wp-page\" data-elementor-id=\"1473\" class=\"elementor elementor-1473\">\n\t\t\t\t\t\t<section class=\"elementor-section elementor-top-section elementor-element elementor-element-74df6e9 single-what-we-do elementor-section-boxed elementor-section-height-default elementor-section-height-default\" data-id=\"74df6e9\" data-element_type=\"section\" data-e-type=\"section\">\n\t\t\t\t\t\t<div class=\"elementor-container elementor-column-gap-default\">\n\t\t\t\t\t<div class=\"elementor-column elementor-col-100 elementor-top-column elementor-element elementor-element-84b4bf0\" data-id=\"84b4bf0\" data-element_type=\"column\" data-e-type=\"column\">\n\t\t\t<div class=\"elementor-widget-wrap elementor-element-populated\">\n\t\t\t\t\t\t<div class=\"elementor-element elementor-element-7b6bf20 single-service-section-mb elementor-widget elementor-widget-servicesingle\" data-id=\"7b6bf20\" data-element_type=\"widget\" data-e-type=\"widget\" data-widget_type=\"servicesingle.default\">\n\t\t\t\t<div class=\"elementor-widget-container\">\n\t\t\t\t\t\n        <!-- Start Services Details \n    ============================================= -->\n    <div class=\"services-details-area default-padding\">\n        <div class=\"container\">\n            <div class=\"row\">\n                <div class=\"col-lg-8 content\">\n                    <div class=\"thumb\">\n                        <img decoding=\"async\" src=\"https:\/\/zeka-tech.com\/wp-content\/uploads\/2021\/01\/blog2.jpeg\" alt=\"Thumb\">\n                    <\/div>\n        <p>Bei ZEKA Tech glauben wir an die transformative Kraft von Daten.<\/p><p>Unsere Web-Scraping-, Automatisierungs- und KI-Dienste sollen Ihnen dabei helfen, wertvolle Daten zu extrahieren und sich wiederholende Aufgaben zu automatisieren, damit Sie sich auf strategische Entscheidungen und Kern-Gesch\u00e4ftsaktivit\u00e4ten konzentrieren k\u00f6nnen.<\/p><p>Dar\u00fcber hinaus erweitert unsere Expertise im Bereich der k\u00fcnstlichen Intelligenz die M\u00f6glichkeiten Ihrer Daten. Wir nutzen fortschrittliche KI-Algorithmen, um die gesammelten Informationen zu analysieren und zu interpretieren und Muster, Trends und umsetzbare Informationen aufzudecken.<\/p><p>Mit genauen und zuverl\u00e4ssigen Daten, gepaart mit KI-gest\u00fctzten Erkenntnissen, verschaffen Sie sich einen Wettbewerbsvorteil und treffen fundierte Entscheidungen, die Ihr Unternehmen voranbringen.<\/p><p>Lassen Sie unser Expertenteam sich um die technischen Aspekte von Web Scraping, Web-Automatisierung und KI k\u00fcmmern, w\u00e4hrend Sie sich auf das Wachstum Ihres Unternehmens und die Nutzung der Macht der Daten konzentrieren.<\/p>\n        <div class=\"row thumbs\">\n                        <div class=\"col-lg-6 col-md-6\">\n                            <img decoding=\"async\" src=\"https:\/\/zeka-tech.com\/wp-content\/plugins\/elementor\/assets\/images\/placeholder.png\" alt=\"Thumb\">\n                        <\/div>\n                        <div class=\"col-lg-6 col-md-6\">\n                            <img decoding=\"async\" src=\"https:\/\/zeka-tech.com\/wp-content\/plugins\/elementor\/assets\/images\/placeholder.png\" alt=\"Thumb\">\n                        <\/div>\n                    <\/div>\n                <\/div>\n\n        <div class=\"col-lg-4 sidebar\">\n                    <div class=\"sidebar-item link\">\n                        <ul>\n\n        \n            <li><a class=\"bt-sidebar\" href=\"https:\/\/zeka-tech.com\/de\/custom-website-development\/\">Benutzerdefinierte Webentwicklung<\/a><\/li>\n\n        \n            <li><a class=\"bt-sidebar\" href=\"https:\/\/zeka-tech.com\/de\/cms-development\/\">CMS-L\u00f6sungen<\/a><\/li>\n\n        \n            <li><a class=\"bt-sidebar\" href=\"https:\/\/zeka-tech.com\/de\/android-ios-development\/\">Android- und iOS-Entwicklung<\/a><\/li>\n\n        \n            <li><a class=\"bt-sidebar active\" href=\"https:\/\/zeka-tech.com\/de\/web-scraping-ai\/\">Web Scraping und KI<\/a><\/li>\n\n        \n            <li><a class=\"bt-sidebar\" href=\"https:\/\/zeka-tech.com\/de\/data-visualization-analytics-solutions\/\">Data Visualization &amp; Analytics Solutions<\/a><\/li>\n\n        \n            <li><a class=\"bt-sidebar\" href=\"https:\/\/zeka-tech.com\/de\/seo-digital-marketing\/\">SEO und digitales Marketing<\/a><\/li>\n\n        \n               <\/ul>\n                    <\/div>\n\n        <div class=\"sidebar-item banner\">\n                        <div class=\"thumb\">\n                            <img decoding=\"async\" src=\"https:\/\/zeka-tech.com\/wp-content\/plugins\/elementor\/assets\/images\/placeholder.png\" alt=\"Thumb\">\n                            <div class=\"content\">\n                                <h5><\/h5>\n                                <h3><i class=\"\"><\/i> <\/h3>\n                            <\/div>\n                        <\/div>\n                    <\/div>\n\n        <div class=\"sidebar-item brochure\">\n                        <div class=\"title\">\n                            <h4><\/h4>\n                        <\/div>\n                        <p>\n                                                    <\/p>\n                        <a href=\"#\"><i class=\"\"><\/i> <\/a>\n                        \n                        <a href=\"#\"><i class=\"\"><\/i> <\/a>\n\n                    <\/div>\n\n    <\/div>\n            <\/div>\n        <\/div>\n    <\/div>\n    <!-- End Services Details -->\n\n    \t\t\t\t<\/div>\n\t\t\t\t<\/div>\n\t\t\t\t<div class=\"elementor-element elementor-element-7fb6480 elementor-align-center single-service-section-btn commitment-talk-btn zeka-animate-btn elementor-widget elementor-widget-button\" data-id=\"7fb6480\" data-element_type=\"widget\" data-e-type=\"widget\" data-widget_type=\"button.default\">\n\t\t\t\t<div class=\"elementor-widget-container\">\n\t\t\t\t\t\t\t\t\t<div class=\"elementor-button-wrapper\">\n\t\t\t\t\t<a class=\"elementor-button elementor-button-link elementor-size-sm\" href=\"https:\/\/zeka-tech.com\/de\/contact\/\">\n\t\t\t\t\t\t<span class=\"elementor-button-content-wrapper\">\n\t\t\t\t\t\t\t\t\t<span class=\"elementor-button-text\">Nutzen Sie die Macht der Daten<\/span>\n\t\t\t\t\t<\/span>\n\t\t\t\t\t<\/a>\n\t\t\t\t<\/div>\n\t\t\t\t\t\t\t\t<\/div>\n\t\t\t\t<\/div>\n\t\t\t\t\t<\/div>\n\t\t<\/div>\n\t\t\t\t\t<\/div>\n\t\t<\/section>\n\t\t\t\t<\/div>","protected":false},"excerpt":{"rendered":"<p>At ZEKA Tech, we believe in the transformative power of data. Our web scraping, automation, and AI services are designed to help you extract valuable data &amp; automate repetitive tasks, enabling you to focus on strategic decision-making and core business activities. Furthermore, our expertise in artificial intelligence augments the capabilities of your data. We utilize [&hellip;]<\/p>\n","protected":false},"author":1,"featured_media":321,"parent":0,"menu_order":0,"comment_status":"closed","ping_status":"closed","template":"page-templates\/pages-image.php","meta":{"footnotes":""},"class_list":["post-1473","page","type-page","status-publish","has-post-thumbnail","hentry"],"_links":{"self":[{"href":"https:\/\/zeka-tech.com\/de\/wp-json\/wp\/v2\/pages\/1473","targetHints":{"allow":["GET"]}}],"collection":[{"href":"https:\/\/zeka-tech.com\/de\/wp-json\/wp\/v2\/pages"}],"about":[{"href":"https:\/\/zeka-tech.com\/de\/wp-json\/wp\/v2\/types\/page"}],"author":[{"embeddable":true,"href":"https:\/\/zeka-tech.com\/de\/wp-json\/wp\/v2\/users\/1"}],"replies":[{"embeddable":true,"href":"https:\/\/zeka-tech.com\/de\/wp-json\/wp\/v2\/comments?post=1473"}],"version-history":[{"count":0,"href":"https:\/\/zeka-tech.com\/de\/wp-json\/wp\/v2\/pages\/1473\/revisions"}],"wp:featuredmedia":[{"embeddable":true,"href":"https:\/\/zeka-tech.com\/de\/wp-json\/wp\/v2\/media\/321"}],"wp:attachment":[{"href":"https:\/\/zeka-tech.com\/de\/wp-json\/wp\/v2\/media?parent=1473"}],"curies":[{"name":"wp","href":"https:\/\/api.w.org\/{rel}","templated":true}]}}