{"id":1475,"date":"2023-05-18T10:09:08","date_gmt":"2023-05-18T10:09:08","guid":{"rendered":"https:\/\/zeka-tech.com\/?page_id=1475"},"modified":"2023-10-22T21:54:54","modified_gmt":"2023-10-22T21:54:54","slug":"cms-development","status":"publish","type":"page","link":"https:\/\/zeka-tech.com\/de\/cms-development\/","title":{"rendered":"CMS-L\u00f6sungen"},"content":{"rendered":"<div data-elementor-type=\"wp-page\" data-elementor-id=\"1475\" class=\"elementor elementor-1475\">\n\t\t\t\t\t\t<section class=\"elementor-section elementor-top-section elementor-element elementor-element-85e184e single-what-we-do elementor-section-boxed elementor-section-height-default elementor-section-height-default\" data-id=\"85e184e\" data-element_type=\"section\" data-e-type=\"section\">\n\t\t\t\t\t\t<div class=\"elementor-container elementor-column-gap-default\">\n\t\t\t\t\t<div class=\"elementor-column elementor-col-100 elementor-top-column elementor-element elementor-element-24e2d31\" data-id=\"24e2d31\" data-element_type=\"column\" data-e-type=\"column\">\n\t\t\t<div class=\"elementor-widget-wrap elementor-element-populated\">\n\t\t\t\t\t\t<div class=\"elementor-element elementor-element-363d956 single-service-section-mb black-bold-title elementor-widget elementor-widget-servicesingle\" data-id=\"363d956\" data-element_type=\"widget\" data-e-type=\"widget\" data-widget_type=\"servicesingle.default\">\n\t\t\t\t<div class=\"elementor-widget-container\">\n\t\t\t\t\t\n        <!-- Start Services Details \n    ============================================= -->\n    <div class=\"services-details-area default-padding\">\n        <div class=\"container\">\n            <div class=\"row\">\n                <div class=\"col-lg-8 content\">\n                    <div class=\"thumb\">\n                        <img decoding=\"async\" src=\"https:\/\/zeka-tech.com\/wp-content\/uploads\/2021\/01\/blog2.jpeg\" alt=\"Thumb\">\n                    <\/div>\n        <p>In unserer Mission, Ihre digitale Pr\u00e4senz zu st\u00e4rken, sind wir auf die Nutzung beliebter CMS-Plattformen wie WordPress, Shopify, Shopware, Webflow, Magento und mehr spezialisiert.<\/p><p>Unser Team ist mit der Nutzung dieser leistungsstarken Tools bestens vertraut, um atemberaubende Websites und nahtlose Online-Erlebnisse f\u00fcr Unternehmen jeder Gr\u00f6\u00dfe zu erstellen.<\/p><p>Mit unserer Expertise im Bereich CMS-L\u00f6sungen bieten wir:<\/p><ul><li><strong>WordPress:<\/strong>: <span style=\"font-weight: 400;\">Nutzen Sie die Flexibilit\u00e4t und Anpassungsm\u00f6glichkeiten von WordPress, um dynamische Websites, Blogs und E-Commerce-Plattformen zu erstellen. Zu unseren Dienstleistungen geh\u00f6rt auch die Entwicklung benutzerdefinierter Plug-ins, um die Funktionalit\u00e4t Ihrer WordPress-Site mit ma\u00dfgeschneiderten Funktionen und Verbesserungen zu erweitern.<\/span>.<\/li><li><strong>Shopify: <\/strong><span style=\"font-weight: 400;\">Erstellen Sie optisch ansprechende und benutzerfreundliche Online-Shops mit den robusten E-Commerce-Funktionen und dem umfangreichen App-\u00d6kosystem von Shopify.<\/span><\/li><li><strong>Shopware:<\/strong>Ma\u00dfgeschneidert f\u00fcr den E-Commerce bietet Shopware eine vielseitige und skalierbare L\u00f6sung zur Erstellung faszinierender Online-Shops.<\/li><li><strong>Webflow:<\/strong>Nutzen Sie das kreative Potenzial von Webflow, um visuell beeindruckende Websites mit responsiven Layouts und reibungslosen Interaktionen zu entwerfen und zu starten.<\/li><li><strong>Magento:<\/strong>F\u00f6rdern Sie Ihre E-Commerce-Ambitionen mit Magento, einer robusten Plattform, die f\u00fcr ihre Skalierbarkeit, erweiterte Funktionen und umfangreiche Anpassungsoptionen bekannt ist.<\/li><\/ul><p><span style=\"font-weight: 400;\">Durch den Einsatz dieser CMS-Plattformen erm\u00f6glichen wir Unternehmen, ihre Inhalte effizient zu verwalten, Abl\u00e4ufe zu optimieren und das Kundenerlebnis insgesamt zu verbessern. <\/span><span style=\"font-weight: 400;\"><br \/><\/span><span style=\"font-weight: 400;\"><br \/><\/span><span style=\"font-weight: 400;\">Unser Expertenteam arbeitet eng mit Ihnen zusammen, um Ihre individuellen Anforderungen zu verstehen und eine CMS-L\u00f6sung bereitzustellen, die Ihren Zielen entspricht.<\/span><\/p><p><span style=\"font-weight: 400;\">Kontaktieren Sie uns noch heute, um Ihre Online-Pr\u00e4senz mit unseren umfassenden CMS-Diensten auf die n\u00e4chste Stufe zu heben.<\/span><\/p>\n        <div class=\"row thumbs\">\n                        <div class=\"col-lg-6 col-md-6\">\n                            <img decoding=\"async\" src=\"https:\/\/zeka-tech.com\/wp-content\/plugins\/elementor\/assets\/images\/placeholder.png\" alt=\"Thumb\">\n                        <\/div>\n                        <div class=\"col-lg-6 col-md-6\">\n                            <img decoding=\"async\" src=\"https:\/\/zeka-tech.com\/wp-content\/plugins\/elementor\/assets\/images\/placeholder.png\" alt=\"Thumb\">\n                        <\/div>\n                    <\/div>\n                <\/div>\n\n        <div class=\"col-lg-4 sidebar\">\n                    <div class=\"sidebar-item link\">\n                        <ul>\n\n        \n            <li><a class=\"bt-sidebar\" href=\"https:\/\/zeka-tech.com\/de\/custom-website-development\/\">Benutzerdefinierte Webentwicklung<\/a><\/li>\n\n        \n            <li><a class=\"bt-sidebar active\" href=\"https:\/\/zeka-tech.com\/de\/cms-development\/\">CMS-L\u00f6sungen<\/a><\/li>\n\n        \n            <li><a class=\"bt-sidebar\" href=\"https:\/\/zeka-tech.com\/de\/android-ios-development\/\">Android- und iOS-Entwicklung<\/a><\/li>\n\n        \n            <li><a class=\"bt-sidebar\" href=\"https:\/\/zeka-tech.com\/de\/web-scraping-ai\/\">Web Scraping und KI<\/a><\/li>\n\n        \n            <li><a class=\"bt-sidebar\" href=\"https:\/\/zeka-tech.com\/de\/data-visualization-analytics-solutions\/\">Data Visualization &amp; Analytics Solutions<\/a><\/li>\n\n        \n            <li><a class=\"bt-sidebar\" href=\"https:\/\/zeka-tech.com\/de\/seo-digital-marketing\/\">SEO und digitales Marketing<\/a><\/li>\n\n        \n               <\/ul>\n                    <\/div>\n\n        <div class=\"sidebar-item banner\">\n                        <div class=\"thumb\">\n                            <img decoding=\"async\" src=\"https:\/\/zeka-tech.com\/wp-content\/plugins\/elementor\/assets\/images\/placeholder.png\" alt=\"Thumb\">\n                            <div class=\"content\">\n                                <h5><\/h5>\n                                <h3><i class=\"\"><\/i> <\/h3>\n                            <\/div>\n                        <\/div>\n                    <\/div>\n\n        <div class=\"sidebar-item brochure\">\n                        <div class=\"title\">\n                            <h4><\/h4>\n                        <\/div>\n                        <p>\n                                                    <\/p>\n                        <a href=\"#\"><i class=\"\"><\/i> <\/a>\n                        \n                        <a href=\"#\"><i class=\"\"><\/i> <\/a>\n\n                    <\/div>\n\n    <\/div>\n            <\/div>\n        <\/div>\n    <\/div>\n    <!-- End Services Details -->\n\n    \t\t\t\t<\/div>\n\t\t\t\t<\/div>\n\t\t\t\t<div class=\"elementor-element elementor-element-a6bc8df elementor-align-center single-service-section-btn commitment-talk-btn zeka-animate-btn elementor-widget elementor-widget-button\" data-id=\"a6bc8df\" data-element_type=\"widget\" data-e-type=\"widget\" data-widget_type=\"button.default\">\n\t\t\t\t<div class=\"elementor-widget-container\">\n\t\t\t\t\t\t\t\t\t<div class=\"elementor-button-wrapper\">\n\t\t\t\t\t<a class=\"elementor-button elementor-button-link elementor-size-sm\" href=\"https:\/\/zeka-tech.com\/de\/contact\/\">\n\t\t\t\t\t\t<span class=\"elementor-button-content-wrapper\">\n\t\t\t\t\t\t\t\t\t<span class=\"elementor-button-text\">Verwalten Sie Ihre Inhalte wie ein Profi<\/span>\n\t\t\t\t\t<\/span>\n\t\t\t\t\t<\/a>\n\t\t\t\t<\/div>\n\t\t\t\t\t\t\t\t<\/div>\n\t\t\t\t<\/div>\n\t\t\t\t\t<\/div>\n\t\t<\/div>\n\t\t\t\t\t<\/div>\n\t\t<\/section>\n\t\t\t\t<\/div>","protected":false},"excerpt":{"rendered":"<p>In our mission to empower your digital presence, we specialize in leveraging popular CMS platforms like WordPress, Shopify, Shopware, Webflow, Magento, and more. Our team is well-versed in utilizing these powerful tools to create stunning websites and seamless online experiences for businesses of all sizes. With our expertise in CMS solutions, we provide: WordPress: Harness [&hellip;]<\/p>\n","protected":false},"author":1,"featured_media":321,"parent":0,"menu_order":0,"comment_status":"closed","ping_status":"closed","template":"page-templates\/pages-image.php","meta":{"footnotes":""},"class_list":["post-1475","page","type-page","status-publish","has-post-thumbnail","hentry"],"_links":{"self":[{"href":"https:\/\/zeka-tech.com\/de\/wp-json\/wp\/v2\/pages\/1475","targetHints":{"allow":["GET"]}}],"collection":[{"href":"https:\/\/zeka-tech.com\/de\/wp-json\/wp\/v2\/pages"}],"about":[{"href":"https:\/\/zeka-tech.com\/de\/wp-json\/wp\/v2\/types\/page"}],"author":[{"embeddable":true,"href":"https:\/\/zeka-tech.com\/de\/wp-json\/wp\/v2\/users\/1"}],"replies":[{"embeddable":true,"href":"https:\/\/zeka-tech.com\/de\/wp-json\/wp\/v2\/comments?post=1475"}],"version-history":[{"count":0,"href":"https:\/\/zeka-tech.com\/de\/wp-json\/wp\/v2\/pages\/1475\/revisions"}],"wp:featuredmedia":[{"embeddable":true,"href":"https:\/\/zeka-tech.com\/de\/wp-json\/wp\/v2\/media\/321"}],"wp:attachment":[{"href":"https:\/\/zeka-tech.com\/de\/wp-json\/wp\/v2\/media?parent=1475"}],"curies":[{"name":"wp","href":"https:\/\/api.w.org\/{rel}","templated":true}]}}