{"id":1479,"date":"2023-05-18T10:09:44","date_gmt":"2023-05-18T10:09:44","guid":{"rendered":"https:\/\/zeka-tech.com\/?page_id=1479"},"modified":"2023-10-13T12:21:33","modified_gmt":"2023-10-13T12:21:33","slug":"custom-website-development","status":"publish","type":"page","link":"https:\/\/zeka-tech.com\/de\/custom-website-development\/","title":{"rendered":"Benutzerdefinierte Webentwicklung"},"content":{"rendered":"<div data-elementor-type=\"wp-page\" data-elementor-id=\"1479\" class=\"elementor elementor-1479\">\n\t\t\t\t\t\t<section class=\"elementor-section elementor-top-section elementor-element elementor-element-399b4f4 single-what-we-do elementor-section-boxed elementor-section-height-default elementor-section-height-default\" data-id=\"399b4f4\" data-element_type=\"section\" data-e-type=\"section\">\n\t\t\t\t\t\t<div class=\"elementor-container elementor-column-gap-default\">\n\t\t\t\t\t<div class=\"elementor-column elementor-col-100 elementor-top-column elementor-element elementor-element-60b426b\" data-id=\"60b426b\" data-element_type=\"column\" data-e-type=\"column\">\n\t\t\t<div class=\"elementor-widget-wrap elementor-element-populated\">\n\t\t\t\t\t\t<div class=\"elementor-element elementor-element-1bde7ac single-service-section-mb elementor-widget elementor-widget-servicesingle\" data-id=\"1bde7ac\" data-element_type=\"widget\" data-e-type=\"widget\" data-widget_type=\"servicesingle.default\">\n\t\t\t\t<div class=\"elementor-widget-container\">\n\t\t\t\t\t\n        <!-- Start Services Details \n    ============================================= -->\n    <div class=\"services-details-area default-padding\">\n        <div class=\"container\">\n            <div class=\"row\">\n                <div class=\"col-lg-8 content\">\n                    <div class=\"thumb\">\n                        <img decoding=\"async\" src=\"https:\/\/zeka-tech.com\/wp-content\/uploads\/2021\/01\/blog2.jpeg\" alt=\"Thumb\">\n                    <\/div>\n        <p><span style=\"font-weight: 400;\">Die ma\u00dfgeschneiderte Web- und App-Entwicklung ist das R\u00fcckgrat moderner Unternehmen. Bei ZEKA Tech wissen wir, wie wichtig eine auf Ihre individuellen Bed\u00fcrfnisse zugeschnittene L\u00f6sung ist. Ob es sich um eine SaaS-Anwendung, ein Content-Management-System oder ein webbasiertes Tool handelt, wir sind f\u00fcr Sie da.<\/span><\/p><p><span style=\"font-weight: 400;\">Von der ersten Planungsphase bis zur Bereitstellung und dar\u00fcber hinaus widmen wir uns der Sicherstellung, dass Ihre Webanwendungen genau Ihren Spezifikationen entsprechen.\u00a0<\/span><\/p><p><span style=\"font-weight: 400;\">Unser Team aus erfahrenen Entwicklern nutzt die modernsten Technologien, um individuelle Webanwendungen zu erstellen, die intuitiv, benutzerfreundlich und leicht zu warten sind. Wir legen auch gro\u00dfen Wert auf die Sicherheit Ihrer Daten und stellen sicher, dass Ihre Webanwendung vor potenziellen Bedrohungen gesch\u00fctzt ist.<\/span><\/p><p><span style=\"font-weight: 400;\">Egal, ob Sie Ihre internen Prozesse optimieren oder eine kundenorientierte Anwendung erstellen m\u00f6chten, unsere ma\u00dfgeschneiderten Web-App-Entwicklungsdienste sind darauf ausgelegt, Ihnen beim Erreichen Ihrer Ziele zu helfen. <\/span><span style=\"font-weight: 400;\"><br \/><\/span><span style=\"font-weight: 400;\"><br \/><\/span><span style=\"font-weight: 400;\">Nehmen Sie noch heute Kontakt mit uns auf und lassen Sie unsere erfahrenen Entwickler Ihre Vision zum Leben erwecken und Klicks in Conversions umwandeln.<\/span><\/p>\n        <div class=\"row thumbs\">\n                        <div class=\"col-lg-6 col-md-6\">\n                            <img decoding=\"async\" src=\"https:\/\/zeka-tech.com\/wp-content\/plugins\/elementor\/assets\/images\/placeholder.png\" alt=\"Thumb\">\n                        <\/div>\n                        <div class=\"col-lg-6 col-md-6\">\n                            <img decoding=\"async\" src=\"https:\/\/zeka-tech.com\/wp-content\/plugins\/elementor\/assets\/images\/placeholder.png\" alt=\"Thumb\">\n                        <\/div>\n                    <\/div>\n                <\/div>\n\n        <div class=\"col-lg-4 sidebar\">\n                    <div class=\"sidebar-item link\">\n                        <ul>\n\n        \n            <li><a class=\"bt-sidebar active\" href=\"https:\/\/zeka-tech.com\/de\/custom-website-development\/\">Benutzerdefinierte Webentwicklung<\/a><\/li>\n\n        \n            <li><a class=\"bt-sidebar\" href=\"https:\/\/zeka-tech.com\/de\/cms-development\/\">CMS-L\u00f6sungen<\/a><\/li>\n\n        \n            <li><a class=\"bt-sidebar\" href=\"https:\/\/zeka-tech.com\/de\/android-ios-development\/\">Android- und iOS-Entwicklung<\/a><\/li>\n\n        \n            <li><a class=\"bt-sidebar\" href=\"https:\/\/zeka-tech.com\/de\/web-scraping-ai\/\">Web Scraping und KI<\/a><\/li>\n\n        \n            <li><a class=\"bt-sidebar\" href=\"https:\/\/zeka-tech.com\/de\/data-visualization-analytics-solutions\/\">Data Visualization &amp; Analytics Solutions<\/a><\/li>\n\n        \n            <li><a class=\"bt-sidebar\" href=\"https:\/\/zeka-tech.com\/de\/seo-digital-marketing\/\">SEO und digitales Marketing<\/a><\/li>\n\n        \n               <\/ul>\n                    <\/div>\n\n        <div class=\"sidebar-item banner\">\n                        <div class=\"thumb\">\n                            <img decoding=\"async\" src=\"https:\/\/zeka-tech.com\/wp-content\/plugins\/elementor\/assets\/images\/placeholder.png\" alt=\"Thumb\">\n                            <div class=\"content\">\n                                <h5><\/h5>\n                                <h3><i class=\"\"><\/i> <\/h3>\n                            <\/div>\n                        <\/div>\n                    <\/div>\n\n        <div class=\"sidebar-item brochure\">\n                        <div class=\"title\">\n                            <h4><\/h4>\n                        <\/div>\n                        <p>\n                                                    <\/p>\n                        <a href=\"#\"><i class=\"\"><\/i> <\/a>\n                        \n                        <a href=\"#\"><i class=\"\"><\/i> <\/a>\n\n                    <\/div>\n\n    <\/div>\n            <\/div>\n        <\/div>\n    <\/div>\n    <!-- End Services Details -->\n\n    \t\t\t\t<\/div>\n\t\t\t\t<\/div>\n\t\t\t\t<div class=\"elementor-element elementor-element-8fd19de elementor-align-center single-service-section-btn commitment-talk-btn zeka-animate-btn elementor-widget elementor-widget-button\" data-id=\"8fd19de\" data-element_type=\"widget\" data-e-type=\"widget\" data-widget_type=\"button.default\">\n\t\t\t\t<div class=\"elementor-widget-container\">\n\t\t\t\t\t\t\t\t\t<div class=\"elementor-button-wrapper\">\n\t\t\t\t\t<a class=\"elementor-button elementor-button-link elementor-size-md\" href=\"https:\/\/zeka-tech.com\/de\/contact\/\">\n\t\t\t\t\t\t<span class=\"elementor-button-content-wrapper\">\n\t\t\t\t\t\t\t\t\t<span class=\"elementor-button-text\">Gestalten Sie Ihre Traum-Website<\/span>\n\t\t\t\t\t<\/span>\n\t\t\t\t\t<\/a>\n\t\t\t\t<\/div>\n\t\t\t\t\t\t\t\t<\/div>\n\t\t\t\t<\/div>\n\t\t\t\t\t<\/div>\n\t\t<\/div>\n\t\t\t\t\t<\/div>\n\t\t<\/section>\n\t\t\t\t<section class=\"elementor-section elementor-top-section elementor-element elementor-element-bbd5cf9 elementor-section-boxed elementor-section-height-default elementor-section-height-default\" data-id=\"bbd5cf9\" data-element_type=\"section\" data-e-type=\"section\">\n\t\t\t\t\t\t<div class=\"elementor-container elementor-column-gap-default\">\n\t\t\t\t\t<div class=\"elementor-column elementor-col-100 elementor-top-column elementor-element elementor-element-25a2482\" data-id=\"25a2482\" data-element_type=\"column\" data-e-type=\"column\">\n\t\t\t<div class=\"elementor-widget-wrap elementor-element-populated\">\n\t\t\t\t\t\t<div class=\"elementor-element elementor-element-9648ea3 elementor-widget elementor-widget-image\" data-id=\"9648ea3\" data-element_type=\"widget\" data-e-type=\"widget\" data-widget_type=\"image.default\">\n\t\t\t\t<div class=\"elementor-widget-container\">\n\t\t\t\t\t\t\t\t\t\t\t\t\t\t\t<img decoding=\"async\" src=\"https:\/\/zeka-tech.com\/wp-content\/plugins\/elementor\/assets\/images\/placeholder.png\" title=\"\" alt=\"\" loading=\"lazy\" \/>\t\t\t\t\t\t\t\t\t\t\t\t\t\t\t<\/div>\n\t\t\t\t<\/div>\n\t\t\t\t\t<\/div>\n\t\t<\/div>\n\t\t\t\t\t<\/div>\n\t\t<\/section>\n\t\t\t\t<\/div>","protected":false},"excerpt":{"rendered":"<p>Custom Web &amp; App Development is the backbone of modern businesses. At ZEKA Tech, we understand the importance of having a solution tailored to your unique needs. Whether it&#8217;s a SaaS application, a content management system, or a web-based tool, we&#8217;re here to help. From the initial planning stages to deployment and beyond, we dedicate [&hellip;]<\/p>\n","protected":false},"author":1,"featured_media":321,"parent":0,"menu_order":0,"comment_status":"closed","ping_status":"closed","template":"page-templates\/pages-image.php","meta":{"footnotes":""},"class_list":["post-1479","page","type-page","status-publish","has-post-thumbnail","hentry"],"_links":{"self":[{"href":"https:\/\/zeka-tech.com\/de\/wp-json\/wp\/v2\/pages\/1479","targetHints":{"allow":["GET"]}}],"collection":[{"href":"https:\/\/zeka-tech.com\/de\/wp-json\/wp\/v2\/pages"}],"about":[{"href":"https:\/\/zeka-tech.com\/de\/wp-json\/wp\/v2\/types\/page"}],"author":[{"embeddable":true,"href":"https:\/\/zeka-tech.com\/de\/wp-json\/wp\/v2\/users\/1"}],"replies":[{"embeddable":true,"href":"https:\/\/zeka-tech.com\/de\/wp-json\/wp\/v2\/comments?post=1479"}],"version-history":[{"count":0,"href":"https:\/\/zeka-tech.com\/de\/wp-json\/wp\/v2\/pages\/1479\/revisions"}],"wp:featuredmedia":[{"embeddable":true,"href":"https:\/\/zeka-tech.com\/de\/wp-json\/wp\/v2\/media\/321"}],"wp:attachment":[{"href":"https:\/\/zeka-tech.com\/de\/wp-json\/wp\/v2\/media?parent=1479"}],"curies":[{"name":"wp","href":"https:\/\/api.w.org\/{rel}","templated":true}]}}