{"id":432,"date":"2022-02-24T14:18:27","date_gmt":"2022-02-24T14:18:27","guid":{"rendered":"https:\/\/wordpressriverthemes.com\/tanda-elem\/?page_id=432"},"modified":"2023-09-29T13:06:22","modified_gmt":"2023-09-29T13:06:22","slug":"what-we-do","status":"publish","type":"page","link":"https:\/\/zeka-tech.com\/de\/what-we-do\/","title":{"rendered":"Was wir machen"},"content":{"rendered":"<div data-elementor-type=\"wp-page\" data-elementor-id=\"432\" class=\"elementor elementor-432\">\n\t\t\t\t\t\t<section class=\"elementor-section elementor-top-section elementor-element elementor-element-3c0643b elementor-section-full_width elementor-section-height-default elementor-section-height-default\" data-id=\"3c0643b\" data-element_type=\"section\" data-e-type=\"section\">\n\t\t\t\t\t\t<div class=\"elementor-container elementor-column-gap-no\">\n\t\t\t\t\t<div class=\"elementor-column elementor-col-100 elementor-top-column elementor-element elementor-element-775fba5\" data-id=\"775fba5\" data-element_type=\"column\" data-e-type=\"column\">\n\t\t\t<div class=\"elementor-widget-wrap elementor-element-populated\">\n\t\t\t\t\t\t<div class=\"elementor-element elementor-element-52b981f section-heading-black elementor-widget elementor-widget-heading\" data-id=\"52b981f\" data-element_type=\"widget\" data-e-type=\"widget\" data-widget_type=\"heading.default\">\n\t\t\t\t<div class=\"elementor-widget-container\">\n\t\t\t\t\t<h2 class=\"elementor-heading-title elementor-size-default\">Digitale Exzellenz schaffen: \n<br>Unsere Dienstleistungen<\/h2>\t\t\t\t<\/div>\n\t\t\t\t<\/div>\n\t\t\t\t<div class=\"elementor-element elementor-element-4f8c540 service-section elementor-widget elementor-widget-services\" data-id=\"4f8c540\" data-element_type=\"widget\" data-e-type=\"widget\" data-widget_type=\"services.default\">\n\t\t\t\t<div class=\"elementor-widget-container\">\n\t\t\t\t\t\n    <!-- Start Services \n    ============================================= -->\n    <div class=\"service-area default-padding bottom-less bg-cover\">\n                <div class=\"container\">\n            <div class=\"service-items text-center\">\n                <div class=\"row\">\n\n            \n                <!-- Single item -->\n                <div class=\"col-lg-4 col-md-6 single-item\">\n                    <div class=\"item\">\n                        <div class=\"info\">\n                            <h4>Benutzerdefinierte Webentwicklung<\/h4>\n                            <i class=\"flaticon-cogwheel\"><\/i>\n                            <p>\n                                Sie verdienen eine digitale Pr\u00e4senz, die so einzigartig ist wie Ihre Marke.\n\nUnser Team aus erfahrenen Webentwicklern erstellt sorgf\u00e4ltig Websites und Webanwendungen, die nicht nur die Essenz Ihrer Marke einfangen, sondern auch Besucher von der ersten Interaktion an fesseln.\n\nGanz gleich, ob Sie eine elegante Unternehmenswebsite, eine robuste E-Commerce-Plattform oder innovative Webanwendungen ben\u00f6tigen, unsere Experten verbinden Design mit Funktionalit\u00e4t, um ansprechende Online-Erlebnisse zu schaffen, die zu Ergebnissen f\u00fchren.                            <\/p>\n                                                        <a class=\"btn-standard\" href=\"https:\/\/zeka-tech.com\/de\/custom-website-development\/\">Mehr lesen<\/a>\n                                                <\/div>\n                    <\/div>\n                <\/div>\n                <!-- End Single item -->\n\n    \n                \n                <!-- Single item -->\n                <div class=\"col-lg-4 col-md-6 single-item\">\n                    <div class=\"item\">\n                        <div class=\"info\">\n                            <h4>CMS-L\u00f6sungen<\/h4>\n                            <i class=\"ti-desktop\"><\/i>\n                            <p>\n                                Verabschieden Sie sich von den Problemen bei der Website-Verwaltung.\n\nUnsere CMS-L\u00f6sungen, darunter Plattformen wie WordPress, Shopify, Shopware, Webflow und andere, erm\u00f6glichen Ihnen die m\u00fchelose Kontrolle und Aktualisierung Ihrer Online-Pr\u00e4senz.\n\nWir erstellen atemberaubende, benutzerfreundliche Websites, die zu Ihrer Markenidentit\u00e4t passen und Ihnen gleichzeitig die Freiheit geben, Inhalte zu verwalten und eine wirkungsvolle Online-Pr\u00e4senz aufrechtzuerhalten.                            <\/p>\n                                                        <a class=\"btn-standard\" href=\"https:\/\/zeka-tech.com\/de\/cms-development\/\">Mehr lesen<\/a>\n                                                <\/div>\n                    <\/div>\n                <\/div>\n                <!-- End Single item -->\n\n    \n                \n                <!-- Single item -->\n                <div class=\"col-lg-4 col-md-6 single-item\">\n                    <div class=\"item\">\n                        <div class=\"info\">\n                            <h4>Android- und iOS-Entwicklung<\/h4>\n                            <i class=\"ti-mobile\"><\/i>\n                            <p>\n                                Erh\u00f6hen Sie die Zug\u00e4nglichkeit Ihrer Marke mit unseren innovativen L\u00f6sungen Entwicklung mobiler Apps.\n\nStellen Sie sich eine App vor, die Ihr Publikum nahtlos einbezieht, egal wo es sich befindet.\n\nUnsere Experten sind auf die Entwicklung schneller, leistungsstarker und benutzerfreundlicher Apps spezialisiert, die ein unvergessliches Erlebnis bieten.\n\nVon intuitiver UX\/UI bis hin zu reibungsloser Funktionalit\u00e4t nutzen wir die neuesten Technologien, um Ihre App-Vision in die Realit\u00e4t umzusetzen, die bei Benutzern auf jedem Ger\u00e4t Anklang findet.                            <\/p>\n                                                        <a class=\"btn-standard\" href=\"https:\/\/zeka-tech.com\/de\/android-ios-development\/\">Mehr lesen<\/a>\n                                                <\/div>\n                    <\/div>\n                <\/div>\n                <!-- End Single item -->\n\n    \n                \n                <!-- Single item -->\n                <div class=\"col-lg-4 col-md-6 single-item\">\n                    <div class=\"item\">\n                        <div class=\"info\">\n                            <h4>Web Scraping und KI<\/h4>\n                            <i class=\"flaticon-implement\"><\/i>\n                            <p>\n                                Verwandeln Sie Daten mit unseren wertvollen Erkenntnissen in Web-Scraping und KI-Funktionen, unterst\u00fctzt von Python und Node.js.\n\nMit genauen und zuverl\u00e4ssigen Daten, die Ihnen zur Verf\u00fcgung stehen, k\u00f6nnen Sie wiederkehrende Aufgaben automatisieren, Zeit und Ressourcen sparen und sich einen Wettbewerbsvorteil verschaffen.\n\nWir k\u00fcmmern uns um die technischen Details, damit Sie die Leistungsf\u00e4higkeit datengesteuerter Intelligenz ohne Komplexit\u00e4t nutzen k\u00f6nnen.                            <\/p>\n                                                        <a class=\"btn-standard\" href=\"https:\/\/zeka-tech.com\/de\/web-scraping-ai\/\">Mehr lesen<\/a>\n                                                <\/div>\n                    <\/div>\n                <\/div>\n                <!-- End Single item -->\n\n    \n                \n                <!-- Single item -->\n                <div class=\"col-lg-4 col-md-6 single-item\">\n                    <div class=\"item\">\n                        <div class=\"info\">\n                            <h4>Datenvisualisierung und Analyse<\/h4>\n                            <i class=\"flaticon-research\"><\/i>\n                            <p>\n                                Entdecken Sie das verborgene Potenzial Ihrer Daten durch intuitive Visualisierung und Analyse.\n\nWir nutzen f\u00fchrende Plattformen wie Power BI und Tableau, um visuell ansprechende Darstellungen Ihrer Daten zu erstellen.\n\nVisualisieren Sie Trends, Muster und Chancen ganz einfach, sodass Sie fundierte Entscheidungen treffen k\u00f6nnen, die Ihr Unternehmen voranbringen.\n\nVerbessern Sie Ihr Datenspiel mit unserem Fachwissen und \u00fcbersetzen Sie Rohinformationen in aussagekr\u00e4ftige, leicht verst\u00e4ndliche visuelle Darstellungen.                            <\/p>\n                                                        <a class=\"btn-standard\" href=\"https:\/\/zeka-tech.com\/de\/data-visualization-analytics-solutions\/\">Mehr lesen<\/a>\n                                                <\/div>\n                    <\/div>\n                <\/div>\n                <!-- End Single item -->\n\n    \n                \n                <!-- Single item -->\n                <div class=\"col-lg-4 col-md-6 single-item\">\n                    <div class=\"item\">\n                        <div class=\"info\">\n                            <h4>SEO und digitales Marketing<\/h4>\n                            <i class=\"flaticon-analysis-1\"><\/i>\n                            <p>\n                                In unserem digitalen Zeitalter ist eine solide Online-Pr\u00e4senz entscheidend f\u00fcr das Gesch\u00e4ftswachstum.\n\nWir bieten eine Reihe digitaler Marketingdienstleistungen wie SEO, Social-Media-Management und PPC-Werbung an, um Ihnen dabei zu helfen, ein breiteres Publikum zu erreichen und Ihre Gesch\u00e4ftsziele zu erreichen.\n\nHeute k\u00f6nnen Sie Gelegenheitsbesucher mit unseren datengest\u00fctzten Strategien in treue Kunden verwandeln, die daf\u00fcr sorgen, dass Sie in der digitalen Landschaft gl\u00e4nzen.                            <\/p>\n                                                        <a class=\"btn-standard\" href=\"https:\/\/zeka-tech.com\/de\/seo-digital-marketing\/\">Mehr lesen<\/a>\n                                                <\/div>\n                    <\/div>\n                <\/div>\n                <!-- End Single item -->\n\n    \n                \n            <\/div>\n            <\/div>\n        <\/div>\n    <\/div>\n    <!-- End Services Area -->\n\n\t\t\t\t<\/div>\n\t\t\t\t<\/div>\n\t\t\t\t\t<\/div>\n\t\t<\/div>\n\t\t\t\t\t<\/div>\n\t\t<\/section>\n\t\t\t\t<\/div>","protected":false},"excerpt":{"rendered":"<p>Crafting Digital Excellence: Our Services Custom Web Development You deserve a digital presence that&#039;s as unique as your brand. Our team of seasoned web developers meticulously crafts websites and web applications that not only capture your brand&#039;s essence but also engage visitors from the first interaction. Whether you need a sleek corporate website, a robust [&hellip;]<\/p>\n","protected":false},"author":1,"featured_media":321,"parent":0,"menu_order":0,"comment_status":"closed","ping_status":"closed","template":"page-templates\/pages-image.php","meta":{"footnotes":""},"class_list":["post-432","page","type-page","status-publish","has-post-thumbnail","hentry"],"_links":{"self":[{"href":"https:\/\/zeka-tech.com\/de\/wp-json\/wp\/v2\/pages\/432","targetHints":{"allow":["GET"]}}],"collection":[{"href":"https:\/\/zeka-tech.com\/de\/wp-json\/wp\/v2\/pages"}],"about":[{"href":"https:\/\/zeka-tech.com\/de\/wp-json\/wp\/v2\/types\/page"}],"author":[{"embeddable":true,"href":"https:\/\/zeka-tech.com\/de\/wp-json\/wp\/v2\/users\/1"}],"replies":[{"embeddable":true,"href":"https:\/\/zeka-tech.com\/de\/wp-json\/wp\/v2\/comments?post=432"}],"version-history":[{"count":0,"href":"https:\/\/zeka-tech.com\/de\/wp-json\/wp\/v2\/pages\/432\/revisions"}],"wp:featuredmedia":[{"embeddable":true,"href":"https:\/\/zeka-tech.com\/de\/wp-json\/wp\/v2\/media\/321"}],"wp:attachment":[{"href":"https:\/\/zeka-tech.com\/de\/wp-json\/wp\/v2\/media?parent=432"}],"curies":[{"name":"wp","href":"https:\/\/api.w.org\/{rel}","templated":true}]}}